{"id":85,"date":"2020-01-26T00:16:03","date_gmt":"2020-01-25T23:16:03","guid":{"rendered":"https:\/\/printemps-giffois.org\/?page_id=85"},"modified":"2026-04-16T11:17:05","modified_gmt":"2026-04-16T09:17:05","slug":"notre-programme","status":"publish","type":"page","link":"https:\/\/printemps-giffois.org\/index.php\/notre-programme\/","title":{"rendered":"Notre programme en 2020"},"content":{"rendered":"\n<figure class=\"wp-block-image size-large\"><img loading=\"lazy\" decoding=\"async\" width=\"1010\" height=\"368\" src=\"https:\/\/printemps-giffois.org\/wp-content\/uploads\/2020\/02\/image16.png\" alt=\"\" class=\"wp-image-408\" srcset=\"https:\/\/printemps-giffois.org\/wp-content\/uploads\/2020\/02\/image16.png 1010w, https:\/\/printemps-giffois.org\/wp-content\/uploads\/2020\/02\/image16-300x109.png 300w, https:\/\/printemps-giffois.org\/wp-content\/uploads\/2020\/02\/image16-768x280.png 768w\" sizes=\"auto, (max-width: 1010px) 100vw, 1010px\" \/><\/figure>\n\n\n\n<p>Le programme que nous vous proposons est issu de la r\u00e9flexion collective de Giffoises et de Giffois, tous convaincus que notre territoire, fort de ses atouts, doit porter des mesures concr\u00e8tes susceptibles de r\u00e9pondre \u00e0 une triple urgence :<\/p>\n\n\n\n<h3 class=\"wp-block-heading has-text-color\" style=\"color:#338c49\">Une urgence \u00e9cologique<\/h3>\n\n\n\n<p>Loin des effets d&rsquo;annonces et de mesures \u00ab\u00a0sparadrap\u00a0\u00bb, il est largement temps qu&rsquo;au niveau local des avanc\u00e9es significatives soient entreprises pour participer pleinement \u00e0 la lutte contre le r\u00e9chauffement, pour r\u00e9duire l&#8217;empreinte carbone, contenir l\u2019urbanisation et favoriser la biodiversit\u00e9.<\/p>\n\n\n\n<h3 class=\"wp-block-heading has-text-color\" style=\"color:#395ca9\">Une urgence d\u00e9mocratique<\/h3>\n\n\n\n<p>Le d\u00e9ficit d\u00e9mocratique est patent dans notre commune : abandon des conseils de quartier, paroles minoritaires rejet\u00e9es ou ni\u00e9es, pouvoirs centralis\u00e9s sur une seule personne, aux mandats r\u00e9p\u00e9t\u00e9s et cumul\u00e9s ! \u00ab\u00a0Le Printemps Giffois\u00a0\u00bb se propose de retrouver et enrichir la dimension collective dans les d\u00e9cisions municipales ou intercommunales.<\/p>\n\n\n\n<h3 class=\"wp-block-heading has-text-color\" style=\"color:#f5530c\">Une urgence de solidarit\u00e9<\/h3>\n\n\n\n<p>Face aux attaques sociales de tous ordres, notre commune doit b\u00e2tir une r\u00e9elle solidarit\u00e9 entre tous les habitants, en particulier celles et ceux qui sont dans la difficult\u00e9. Nous devons, en tant que citoyennes et citoyens, \u00e9tablir des liens forts entre les diff\u00e9rents quartiers, les diff\u00e9rentes g\u00e9n\u00e9rations et les diff\u00e9rentes cat\u00e9gories sociales.<\/p>\n\n\n\n<p><\/p>\n\n\n\n<p><\/p>\n\n\n\n<p>Notre programme est un <strong>programme r\u00e9aliste<\/strong> <strong>qui s\u2019\u00e9tale sur une mandature<\/strong> : il envisage la <strong>sobri\u00e9t\u00e9 des d\u00e9penses de fonctionnement<\/strong> (patinoire, illuminations diverses, lumi\u00e8res nocturnes sans discernement dans toute la ville, indemnit\u00e9s du Maire \u2026 en sont quelques exemples) ; tous les subventionnements possibles, notamment dans le cadre des plans d&rsquo;\u00e9conomies d&rsquo;\u00e9nergie, seront sollicit\u00e9s et nous mettrons en regard les investissements souhait\u00e9s, en concertation citoyenne, &nbsp;par les Giffois.e.s, avec les r\u00e9alit\u00e9s budg\u00e9taires induites: <strong>la population pourra ainsi s\u00e9lectionner ses choix <\/strong>en toute connaissance de cause et <strong>les prioriser sur l&rsquo;ensemble des six ann\u00e9es.<\/strong><\/p>\n\n\n\n<figure class=\"wp-block-image\"><img decoding=\"async\" src=\"https:\/\/lh3.googleusercontent.com\/cLe0jOkEjJT0rZWc7BujBS91sb9ysdY24mZV8tGReRvdJ_cmx6XoIsZ0PxmLnODZHPfXCxJdLUBaHo3RngpQj8fuEi5uE1lHvkcbxPpFT9shE437CCdRsXEJalfwrQzd-XL2PNQ\" alt=\"\"\/><\/figure>\n\n\n\n<div class=\"wp-block-file aligncenter\"><a href=\"https:\/\/printemps-giffois.org\/wp-content\/uploads\/2020\/02\/Programme-Printemps-Giffois.pdf\" class=\"wp-block-file__button wp-element-button\" download>T\u00e9l\u00e9charger notre programme complet en pdf<\/a><\/div>\n\n\n\n<p><\/p>\n","protected":false},"excerpt":{"rendered":"<p>Le programme que nous vous proposons est issu de la r\u00e9flexion collective de Giffoises et de Giffois, tous convaincus que notre territoire, fort de ses&hellip;<\/p>\n","protected":false},"author":634,"featured_media":36,"parent":0,"menu_order":0,"comment_status":"closed","ping_status":"closed","template":"","meta":{"_EventAllDay":false,"_EventTimezone":"","_EventStartDate":"","_EventEndDate":"","_EventStartDateUTC":"","_EventEndDateUTC":"","_EventShowMap":false,"_EventShowMapLink":false,"_EventURL":"","_EventCost":"","_EventCostDescription":"","_EventCurrencySymbol":"","_EventCurrencyCode":"","_EventCurrencyPosition":"","_EventDateTimeSeparator":"","_EventTimeRangeSeparator":"","_EventOrganizerID":[],"_EventVenueID":[],"_OrganizerEmail":"","_OrganizerPhone":"","_OrganizerWebsite":"","_VenueAddress":"","_VenueCity":"","_VenueCountry":"","_VenueProvince":"","_VenueState":"","_VenueZip":"","_VenuePhone":"","_VenueURL":"","_VenueStateProvince":"","_VenueLat":"","_VenueLng":"","_VenueShowMap":false,"_VenueShowMapLink":false,"footnotes":""},"class_list":["post-85","page","type-page","status-publish","has-post-thumbnail","hentry"],"yoast_head":"<!-- This site is optimized with the Yoast SEO plugin v22.4 - https:\/\/yoast.com\/wordpress\/plugins\/seo\/ -->\n<title>Notre programme en 2020 - Printemps Giffois<\/title>\n<meta name=\"robots\" content=\"index, follow, max-snippet:-1, max-image-preview:large, max-video-preview:-1\" \/>\n<link rel=\"canonical\" href=\"https:\/\/printemps-giffois.org\/index.php\/notre-programme\/\" \/>\n<meta property=\"og:locale\" content=\"fr_FR\" \/>\n<meta property=\"og:type\" content=\"article\" \/>\n<meta property=\"og:title\" content=\"Notre programme en 2020 - Printemps Giffois\" \/>\n<meta property=\"og:description\" content=\"Le programme que nous vous proposons est issu de la r\u00e9flexion collective de Giffoises et de Giffois, tous convaincus que notre territoire, fort de ses&hellip;\" \/>\n<meta property=\"og:url\" content=\"https:\/\/printemps-giffois.org\/index.php\/notre-programme\/\" \/>\n<meta property=\"og:site_name\" content=\"Printemps Giffois\" \/>\n<meta property=\"article:modified_time\" content=\"2026-04-16T09:17:05+00:00\" \/>\n<meta property=\"og:image\" content=\"https:\/\/printemps-giffois.org\/wp-content\/uploads\/2020\/01\/Gif_sur_Yvette_Avenue_du_General_Leclerc01-scaled.jpg\" \/>\n\t<meta property=\"og:image:width\" content=\"2560\" \/>\n\t<meta property=\"og:image:height\" content=\"1707\" \/>\n\t<meta property=\"og:image:type\" content=\"image\/jpeg\" \/>\n<meta name=\"twitter:card\" content=\"summary_large_image\" \/>\n<meta name=\"twitter:label1\" content=\"Dur\u00e9e de lecture estim\u00e9e\" \/>\n\t<meta name=\"twitter:data1\" content=\"3 minutes\" \/>\n<script type=\"application\/ld+json\" class=\"yoast-schema-graph\">{\"@context\":\"https:\/\/schema.org\",\"@graph\":[{\"@type\":\"WebPage\",\"@id\":\"https:\/\/printemps-giffois.org\/index.php\/notre-programme\/\",\"url\":\"https:\/\/printemps-giffois.org\/index.php\/notre-programme\/\",\"name\":\"Notre programme en 2020 - Printemps Giffois\",\"isPartOf\":{\"@id\":\"https:\/\/printemps-giffois.org\/#website\"},\"primaryImageOfPage\":{\"@id\":\"https:\/\/printemps-giffois.org\/index.php\/notre-programme\/#primaryimage\"},\"image\":{\"@id\":\"https:\/\/printemps-giffois.org\/index.php\/notre-programme\/#primaryimage\"},\"thumbnailUrl\":\"https:\/\/printemps-giffois.org\/wp-content\/uploads\/2020\/01\/Gif_sur_Yvette_Avenue_du_General_Leclerc01-scaled.jpg\",\"datePublished\":\"2020-01-25T23:16:03+00:00\",\"dateModified\":\"2026-04-16T09:17:05+00:00\",\"breadcrumb\":{\"@id\":\"https:\/\/printemps-giffois.org\/index.php\/notre-programme\/#breadcrumb\"},\"inLanguage\":\"fr-FR\",\"potentialAction\":[{\"@type\":\"ReadAction\",\"target\":[\"https:\/\/printemps-giffois.org\/index.php\/notre-programme\/\"]}]},{\"@type\":\"ImageObject\",\"inLanguage\":\"fr-FR\",\"@id\":\"https:\/\/printemps-giffois.org\/index.php\/notre-programme\/#primaryimage\",\"url\":\"https:\/\/printemps-giffois.org\/wp-content\/uploads\/2020\/01\/Gif_sur_Yvette_Avenue_du_General_Leclerc01-scaled.jpg\",\"contentUrl\":\"https:\/\/printemps-giffois.org\/wp-content\/uploads\/2020\/01\/Gif_sur_Yvette_Avenue_du_General_Leclerc01-scaled.jpg\",\"width\":2560,\"height\":1707,\"caption\":\"cerisiers de Gif en fleurs\"},{\"@type\":\"BreadcrumbList\",\"@id\":\"https:\/\/printemps-giffois.org\/index.php\/notre-programme\/#breadcrumb\",\"itemListElement\":[{\"@type\":\"ListItem\",\"position\":1,\"name\":\"Accueil\",\"item\":\"https:\/\/printemps-giffois.org\/\"},{\"@type\":\"ListItem\",\"position\":2,\"name\":\"Notre programme en 2020\"}]},{\"@type\":\"WebSite\",\"@id\":\"https:\/\/printemps-giffois.org\/#website\",\"url\":\"https:\/\/printemps-giffois.org\/\",\"name\":\"Printemps Giffois\",\"description\":\"\u00c9cologie, D\u00e9mocratie, Solidarit\u00e9s\",\"publisher\":{\"@id\":\"https:\/\/printemps-giffois.org\/#organization\"},\"potentialAction\":[{\"@type\":\"SearchAction\",\"target\":{\"@type\":\"EntryPoint\",\"urlTemplate\":\"https:\/\/printemps-giffois.org\/?s={search_term_string}\"},\"query-input\":\"required name=search_term_string\"}],\"inLanguage\":\"fr-FR\"},{\"@type\":\"Organization\",\"@id\":\"https:\/\/printemps-giffois.org\/#organization\",\"name\":\"Printemps Giffois\",\"url\":\"https:\/\/printemps-giffois.org\/\",\"logo\":{\"@type\":\"ImageObject\",\"inLanguage\":\"fr-FR\",\"@id\":\"https:\/\/printemps-giffois.org\/#\/schema\/logo\/image\/\",\"url\":\"https:\/\/printemps-giffois.org\/wp-content\/uploads\/2020\/02\/cropped-cropped-logo-2-2.png\",\"contentUrl\":\"https:\/\/printemps-giffois.org\/wp-content\/uploads\/2020\/02\/cropped-cropped-logo-2-2.png\",\"width\":248,\"height\":248,\"caption\":\"Printemps Giffois\"},\"image\":{\"@id\":\"https:\/\/printemps-giffois.org\/#\/schema\/logo\/image\/\"}}]}<\/script>\n<!-- \/ Yoast SEO plugin. -->","yoast_head_json":{"title":"Notre programme en 2020 - Printemps Giffois","robots":{"index":"index","follow":"follow","max-snippet":"max-snippet:-1","max-image-preview":"max-image-preview:large","max-video-preview":"max-video-preview:-1"},"canonical":"https:\/\/printemps-giffois.org\/index.php\/notre-programme\/","og_locale":"fr_FR","og_type":"article","og_title":"Notre programme en 2020 - Printemps Giffois","og_description":"Le programme que nous vous proposons est issu de la r\u00e9flexion collective de Giffoises et de Giffois, tous convaincus que notre territoire, fort de ses&hellip;","og_url":"https:\/\/printemps-giffois.org\/index.php\/notre-programme\/","og_site_name":"Printemps Giffois","article_modified_time":"2026-04-16T09:17:05+00:00","og_image":[{"width":2560,"height":1707,"url":"https:\/\/printemps-giffois.org\/wp-content\/uploads\/2020\/01\/Gif_sur_Yvette_Avenue_du_General_Leclerc01-scaled.jpg","type":"image\/jpeg"}],"twitter_card":"summary_large_image","twitter_misc":{"Dur\u00e9e de lecture estim\u00e9e":"3 minutes"},"schema":{"@context":"https:\/\/schema.org","@graph":[{"@type":"WebPage","@id":"https:\/\/printemps-giffois.org\/index.php\/notre-programme\/","url":"https:\/\/printemps-giffois.org\/index.php\/notre-programme\/","name":"Notre programme en 2020 - Printemps Giffois","isPartOf":{"@id":"https:\/\/printemps-giffois.org\/#website"},"primaryImageOfPage":{"@id":"https:\/\/printemps-giffois.org\/index.php\/notre-programme\/#primaryimage"},"image":{"@id":"https:\/\/printemps-giffois.org\/index.php\/notre-programme\/#primaryimage"},"thumbnailUrl":"https:\/\/printemps-giffois.org\/wp-content\/uploads\/2020\/01\/Gif_sur_Yvette_Avenue_du_General_Leclerc01-scaled.jpg","datePublished":"2020-01-25T23:16:03+00:00","dateModified":"2026-04-16T09:17:05+00:00","breadcrumb":{"@id":"https:\/\/printemps-giffois.org\/index.php\/notre-programme\/#breadcrumb"},"inLanguage":"fr-FR","potentialAction":[{"@type":"ReadAction","target":["https:\/\/printemps-giffois.org\/index.php\/notre-programme\/"]}]},{"@type":"ImageObject","inLanguage":"fr-FR","@id":"https:\/\/printemps-giffois.org\/index.php\/notre-programme\/#primaryimage","url":"https:\/\/printemps-giffois.org\/wp-content\/uploads\/2020\/01\/Gif_sur_Yvette_Avenue_du_General_Leclerc01-scaled.jpg","contentUrl":"https:\/\/printemps-giffois.org\/wp-content\/uploads\/2020\/01\/Gif_sur_Yvette_Avenue_du_General_Leclerc01-scaled.jpg","width":2560,"height":1707,"caption":"cerisiers de Gif en fleurs"},{"@type":"BreadcrumbList","@id":"https:\/\/printemps-giffois.org\/index.php\/notre-programme\/#breadcrumb","itemListElement":[{"@type":"ListItem","position":1,"name":"Accueil","item":"https:\/\/printemps-giffois.org\/"},{"@type":"ListItem","position":2,"name":"Notre programme en 2020"}]},{"@type":"WebSite","@id":"https:\/\/printemps-giffois.org\/#website","url":"https:\/\/printemps-giffois.org\/","name":"Printemps Giffois","description":"\u00c9cologie, D\u00e9mocratie, Solidarit\u00e9s","publisher":{"@id":"https:\/\/printemps-giffois.org\/#organization"},"potentialAction":[{"@type":"SearchAction","target":{"@type":"EntryPoint","urlTemplate":"https:\/\/printemps-giffois.org\/?s={search_term_string}"},"query-input":"required name=search_term_string"}],"inLanguage":"fr-FR"},{"@type":"Organization","@id":"https:\/\/printemps-giffois.org\/#organization","name":"Printemps Giffois","url":"https:\/\/printemps-giffois.org\/","logo":{"@type":"ImageObject","inLanguage":"fr-FR","@id":"https:\/\/printemps-giffois.org\/#\/schema\/logo\/image\/","url":"https:\/\/printemps-giffois.org\/wp-content\/uploads\/2020\/02\/cropped-cropped-logo-2-2.png","contentUrl":"https:\/\/printemps-giffois.org\/wp-content\/uploads\/2020\/02\/cropped-cropped-logo-2-2.png","width":248,"height":248,"caption":"Printemps Giffois"},"image":{"@id":"https:\/\/printemps-giffois.org\/#\/schema\/logo\/image\/"}}]}},"jetpack_sharing_enabled":true,"_links":{"self":[{"href":"https:\/\/printemps-giffois.org\/index.php\/wp-json\/wp\/v2\/pages\/85","targetHints":{"allow":["GET"]}}],"collection":[{"href":"https:\/\/printemps-giffois.org\/index.php\/wp-json\/wp\/v2\/pages"}],"about":[{"href":"https:\/\/printemps-giffois.org\/index.php\/wp-json\/wp\/v2\/types\/page"}],"author":[{"embeddable":true,"href":"https:\/\/printemps-giffois.org\/index.php\/wp-json\/wp\/v2\/users\/634"}],"replies":[{"embeddable":true,"href":"https:\/\/printemps-giffois.org\/index.php\/wp-json\/wp\/v2\/comments?post=85"}],"version-history":[{"count":16,"href":"https:\/\/printemps-giffois.org\/index.php\/wp-json\/wp\/v2\/pages\/85\/revisions"}],"predecessor-version":[{"id":1300,"href":"https:\/\/printemps-giffois.org\/index.php\/wp-json\/wp\/v2\/pages\/85\/revisions\/1300"}],"wp:featuredmedia":[{"embeddable":true,"href":"https:\/\/printemps-giffois.org\/index.php\/wp-json\/wp\/v2\/media\/36"}],"wp:attachment":[{"href":"https:\/\/printemps-giffois.org\/index.php\/wp-json\/wp\/v2\/media?parent=85"}],"curies":[{"name":"wp","href":"https:\/\/api.w.org\/{rel}","templated":true}]}}