{"id":157,"date":"2020-02-06T20:46:10","date_gmt":"2020-02-06T19:46:10","guid":{"rendered":"https:\/\/printemps-giffois.org\/?page_id=157"},"modified":"2021-02-19T12:35:44","modified_gmt":"2021-02-19T11:35:44","slug":"culture-sport-vie-associative","status":"publish","type":"page","link":"https:\/\/printemps-giffois.org\/index.php\/culture-sport-vie-associative\/","title":{"rendered":"Culture \/ Sport \/ Vie associative"},"content":{"rendered":"\n<figure class=\"wp-block-image size-large\"><img loading=\"lazy\" decoding=\"async\" width=\"1024\" height=\"537\" src=\"https:\/\/printemps-giffois.org\/wp-content\/uploads\/2020\/02\/culture-1024x537.png\" alt=\"\" class=\"wp-image-525\" srcset=\"https:\/\/printemps-giffois.org\/wp-content\/uploads\/2020\/02\/culture-1024x537.png 1024w, https:\/\/printemps-giffois.org\/wp-content\/uploads\/2020\/02\/culture-300x157.png 300w, https:\/\/printemps-giffois.org\/wp-content\/uploads\/2020\/02\/culture-768x403.png 768w, https:\/\/printemps-giffois.org\/wp-content\/uploads\/2020\/02\/culture.png 1317w\" sizes=\"auto, (max-width: 1024px) 100vw, 1024px\" \/><\/figure>\n\n\n\n<h2 class=\"has-text-align-center has-text-color wp-block-heading\" style=\"color:#e5a608\">CULTURE, SPORT ET VIE ASSOCIATIVE<\/h2>\n\n\n\n<p class=\"has-text-align-center\"><em><strong>La culture, le sport et la vie associative sont des piliers essentiels du \u00ab\u00a0Vivre ensemble\u00a0\u00bb.<\/strong><\/em><\/p>\n\n\n\n<p class=\"has-text-align-center\"><em><strong>C&rsquo;est pourquoi nous nous appuierons sur le vivier associatif particuli\u00e8rement riche et actif dans ces domaines, pour enrichir l&rsquo;offre destin\u00e9e \u00e0 tous les Giffois et Giffoises, les partager et les rendre accessibles, quels que soient leur quartier, leurs revenus ou leur \u00e2ge.<\/strong><\/em><\/p>\n\n\n\n<h3 class=\"has-text-color wp-block-heading\" style=\"color:#e5a608\">Une culture diversifi\u00e9e, accessible \u00e0 toutes et \u00e0 tous<\/h3>\n\n\n\n<h4 class=\"wp-block-heading\">L&rsquo;offre culturelle propos\u00e9e par la ville doit r\u00e9pondre \u00e0 la diversit\u00e9 des go\u00fbts et des pratiques des Giffoises et Giffois. C&rsquo;est pourquoi :<\/h4>\n\n\n\n<p>Nous associerons les habitants et les associations <strong>\u00e0 la programmation des spectacles pr\u00e9sent\u00e9s sur la commune.<\/strong><\/p>\n\n\n\n<p><strong>Nous agirons pour que la programmation culturelle soit harmonis\u00e9e avec celles des communes voisine<\/strong>s, en particulier en proposant des spectacles communs ou repris d&rsquo;une ville \u00e0 l&rsquo;autre.<\/p>\n\n\n\n<p>Nous veillerons \u00e0 un <strong>\u00e9largissement des formes d&rsquo;expression artistiqu<\/strong>e, notamment aux arts de la rue.<\/p>\n\n\n\n<p><strong>Nous soutiendrons les nouveaux talents et les pratiques en amateur <\/strong>en les programmant en premi\u00e8re partie des spectacles organis\u00e9s sur la commune ou, en accord avec le personnel enseignant, en d\u00e9veloppant des actions pour le public scolaire.<\/p>\n\n\n\n<p>Le fonctionnement de <strong>la F\u00eate de la Musique<\/strong> sera revu, pour revenir \u00e0 l&rsquo;esprit initial de cet \u00e9v\u00e8nement, davantage bas\u00e9 sur les pratiques en amateur.<\/p>\n\n\n\n<p><strong>La mise en place d&rsquo;un cin\u00e9-club sera envisag\u00e9e<\/strong>, permettant de renforcer une culture cin\u00e9matographique partag\u00e9e. Le Central Cin\u00e9ma est maintenant g\u00e9r\u00e9 par UGC, choix discutable de la municipalit\u00e9 sortante, puisqu&rsquo;un choix alternatif port\u00e9 par des Giffois investis dans la culture \u00e9tait possible. Nous \u00e9tudierons la possibilit\u00e9 d&rsquo;une convention donnant <strong>la possibilit\u00e9 aux publics \u00e0 faibles revenus de b\u00e9n\u00e9ficier de tarifs r\u00e9duits<\/strong>.<\/p>\n\n\n\n<p>Le d\u00e9veloppement d&rsquo;une culture artistique passe par la fr\u00e9quentation r\u00e9guli\u00e8re des lieux de spectacle, mais \u00e9galement par la rencontre avec les artistes. <strong>Nous envisagerons donc une r\u00e9sidence annuelle d&rsquo;artistes<\/strong>, touchant des champs artistiques diff\u00e9rents, avec un travail sp\u00e9cifique en direction de publics diversifi\u00e9s : scolaires, seniors, associations, artistes amateurs\u2026<\/p>\n\n\n\n<p><strong>Le Festival VO\/VF<\/strong> autour de la traduction est devenu, gr\u00e2ce \u00e0 la qualit\u00e9 et \u00e0 l&rsquo;investissement de ses promoteurs et du r\u00e9seau constitu\u00e9, un \u00e9v\u00e8nement original de renomm\u00e9e nationale, appr\u00e9ci\u00e9 tant des professionnels que des lecteurs et lectrices. <strong>Nous renforcerons le soutien de la municipalit\u00e9 \u00e0 ce festival <\/strong>en proposant une aide plus affirm\u00e9e, dont les modalit\u00e9s seront d\u00e9finies avec les personnes qui l&rsquo;organisent qui doivent garder la ma\u00eetrise de cette initiative. Nous agirons aussi pour une plus grande implication de la CPS dans cet \u00e9v\u00e9nement local qui m\u00e9riterait de d\u00e9passer les fronti\u00e8res de la ville. Nous r\u00e9fl\u00e9chirons aussi \u00e0 la possibilit\u00e9 d&rsquo;une r\u00e9sidence d&rsquo;un traducteur ou d&rsquo;une traductrice, en lien avec le festival .<\/p>\n\n\n\n<p><strong>Nous offrirons un \u00e9v\u00e8nement sp\u00e9cifique favorisant les d\u00e9couvertes et les \u00e9changes<\/strong>, avec les nombreuses associations investies dans le domaine de la coop\u00e9ration internationale et de l&rsquo;ouverture sur les pays du monde Nous examinerons aussi la possibilit\u00e9 d&rsquo;un jumelage avec une ville d&rsquo;un autre continent (Afrique, Asie\u2026), o\u00f9 un certain nombre d&rsquo;associations \u0153uvrent de fa\u00e7on suivie, et ce en concertation avec ces derni\u00e8res. Le jumelage avec Olpe et les liens cr\u00e9\u00e9s avec cette ville depuis de longues ann\u00e9es sont un \u00e9l\u00e9ment important. Nous souhaitons le redynamiser en \u00e9tudiant de fa\u00e7on concert\u00e9e les \u00e9volutions souhaitables.<\/p>\n\n\n\n<p>Les conf\u00e9rences de \u00ab\u00a0l&rsquo;UniverCit\u00e9 Ouverte\u00a0\u00bb sont tr\u00e8s riches et attirent principalement une population de seniors qui ont d\u00e9j\u00e0 dans l&rsquo;ensemble un certain niveau culturel . Nous envisagerons l\u2019organisation de conf\u00e9rences de m\u00eame type, susceptibles d&rsquo;attirer l\u2019ensemble de la population de Gif dans toute sa diversit\u00e9, en travaillant la programmation et en am\u00e9nageant les horaires.<\/p>\n\n\n\n<p>Enfin, des tarifs sp\u00e9cifiques pour les personnes \u00e0 bas revenus seront appliqu\u00e9s pour tous les spectacles organis\u00e9s par la ville et les activit\u00e9s propos\u00e9es par les partenaires culturels (\u00e9coles de musique, Conservatoire \u00e0 Rayonnement D\u00e9partemental).<\/p>\n\n\n\n<h3 class=\"has-text-color wp-block-heading\" style=\"color:#e5a608\">Des \u00e9quipements culturels \u00e0 la hauteur des enjeux culturels giffois<\/h3>\n\n\n\n<p>Maintes fois \u00e9voqu\u00e9, jamais entrepris, <strong>le projet de cr\u00e9ation d&rsquo;une v\u00e9ritable M\u00e9diath\u00e8que sera r\u00e9ellement amorc\u00e9<\/strong>. Le choix entre cr\u00e9ation ou agrandissement sera \u00e9tudi\u00e9 et la population sera int\u00e9gr\u00e9e \u00e0 cette r\u00e9flexion . Il sera discut\u00e9 en concertation avec la CPS, les biblioth\u00e8ques \u00e9tant de la comp\u00e9tence intercommunale. Par ailleurs, et en lien avec les associations d\u00e9j\u00e0 investies dans ce domaine, nous \u00e9laborerons une politique active pour le d\u00e9veloppement de la lecture.<\/p>\n\n\n\n<p><strong>Concernant la salle de la Terrasse<\/strong>, nous n\u00e9gocierons avec le CNRS une<br>r\u00e9partition des temps d\u2019occupation plus favorable \u00e0 la commune. Nous proposerons d&rsquo;instaurer des temps partag\u00e9s pour l&rsquo;organisation de conf\u00e9rences ou animations dans le domaine des Sciences assur\u00e9es par des scientifiques du CNRS ou de l\u2019Universit\u00e9 Paris Saclay.<\/p>\n\n\n\n<p>Structure importante de l\u2019\u00c9ducation Populaire, le travail que m\u00e8ne la MJC Cyrano vers tous les publics est essentiel. <strong>Une concertation sera initi\u00e9e avec son Conseil d&rsquo;Administration<\/strong>, afin d&rsquo;\u00e9tudier les possibilit\u00e9s d&rsquo;\u00e9largissement d&rsquo;actions \u00e0 d&rsquo;autres quartiers de la ville<\/p>\n\n\n\n<h3 class=\"has-text-color wp-block-heading\" style=\"color:#e5a608\">Une vie associative soutenue<\/h3>\n\n\n\n<p>Le tissu associatif participe au d\u00e9veloppement de la vie d\u00e9mocratique, il est donc fondamental d&rsquo;accompagner celles et ceux qui s&rsquo;y investissent en facilitant leur engagement. Nous imaginerons ensemble <strong>la cr\u00e9ation d&rsquo;une \u00ab\u00a0Maison des associations\u00a0\u00bb<\/strong>, regroupant services et lieux de r\u00e9unions. Dans le m\u00eame esprit, nous travaillerons \u00e0 <strong>l&rsquo;\u00e9laboration de formations pour les cadres b\u00e9n\u00e9voles<\/strong> (budget, comptabilit\u00e9, communication \u2026 ). Nous envisagerons une communication renouvel\u00e9e des associations dans le bulletin municipal .<\/p>\n\n\n\n<p><strong>Nous \u00e9largirons le Forum de rentr\u00e9e \u00e0 toutes les associations<\/strong> ayant une activit\u00e9 sur Gif.<\/p>\n\n\n\n<h3 class=\"has-text-color wp-block-heading\" style=\"color:#e5a608\">Les pratiques sportives favoris\u00e9es<\/h3>\n\n\n\n<p>Les activit\u00e9s sportives, par-del\u00e0 leur aspect de sant\u00e9 publique, sont des supports incontournables d&rsquo;un d\u00e9veloppement individuel et collectif. La commune se doit, dans la limite de ses comp\u00e9tences, de faciliter la pratique au sein des nombreuses associations giffoises. <strong>Nous accompagnerons la formation des cadres des clubs sportifs par des aides cibl\u00e9es<\/strong>. Nous renforcerons le r\u00f4le du CIS (Centre d\u2019Initiation Sportive) en augmentant sa capacit\u00e9 d\u2019accueil et son articulation avec le service Jeunesse.<\/p>\n\n\n\n<p><strong>Nous faciliterons l\u2019acc\u00e8s \u00e0 toutes les pratiques<\/strong> quels que soient les revenus de la famille et inciterons les clubs \u00e0 harmoniser leurs tarifs pour une m\u00eame discipline.<\/p>\n\n\n\n<figure class=\"wp-block-image\"><img decoding=\"async\" src=\"https:\/\/lh6.googleusercontent.com\/iVPhBTTxwnqyokAvy6795W6dVakXnOH7_V7oyH01pCKcBG5Af--0szciDvvm9qFPFFzmuJVRpqYdF9f8jOlkWovD3B22YULY37myADH28ZaeiuquCR_LNboxCj2V2hJVuOV6deI\" alt=\"\"\/><\/figure>\n","protected":false},"excerpt":{"rendered":"<p>CULTURE, SPORT ET VIE ASSOCIATIVE La culture, le sport et la vie associative sont des piliers essentiels du \u00ab\u00a0Vivre ensemble\u00a0\u00bb. C&rsquo;est pourquoi nous nous appuierons&hellip;<\/p>\n","protected":false},"author":634,"featured_media":845,"parent":0,"menu_order":0,"comment_status":"closed","ping_status":"closed","template":"","meta":{"_EventAllDay":false,"_EventTimezone":"","_EventStartDate":"","_EventEndDate":"","_EventStartDateUTC":"","_EventEndDateUTC":"","_EventShowMap":false,"_EventShowMapLink":false,"_EventURL":"","_EventCost":"","_EventCostDescription":"","_EventCurrencySymbol":"","_EventCurrencyCode":"","_EventCurrencyPosition":"","_EventDateTimeSeparator":"","_EventTimeRangeSeparator":"","_EventOrganizerID":[],"_EventVenueID":[],"_OrganizerEmail":"","_OrganizerPhone":"","_OrganizerWebsite":"","_VenueAddress":"","_VenueCity":"","_VenueCountry":"","_VenueProvince":"","_VenueState":"","_VenueZip":"","_VenuePhone":"","_VenueURL":"","_VenueStateProvince":"","_VenueLat":"","_VenueLng":"","_VenueShowMap":false,"_VenueShowMapLink":false,"footnotes":""},"class_list":["post-157","page","type-page","status-publish","has-post-thumbnail","hentry"],"yoast_head":"<!-- This site is optimized with the Yoast SEO plugin v22.4 - https:\/\/yoast.com\/wordpress\/plugins\/seo\/ -->\n<title>Culture \/ Sport \/ Vie associative - Printemps Giffois<\/title>\n<meta name=\"robots\" content=\"index, follow, max-snippet:-1, max-image-preview:large, max-video-preview:-1\" \/>\n<link rel=\"canonical\" href=\"https:\/\/printemps-giffois.org\/index.php\/culture-sport-vie-associative\/\" \/>\n<meta property=\"og:locale\" content=\"fr_FR\" \/>\n<meta property=\"og:type\" content=\"article\" \/>\n<meta property=\"og:title\" content=\"Culture \/ Sport \/ Vie associative - Printemps Giffois\" \/>\n<meta property=\"og:description\" content=\"CULTURE, SPORT ET VIE ASSOCIATIVE La culture, le sport et la vie associative sont des piliers essentiels du \u00ab\u00a0Vivre ensemble\u00a0\u00bb. C&rsquo;est pourquoi nous nous appuierons&hellip;\" \/>\n<meta property=\"og:url\" content=\"https:\/\/printemps-giffois.org\/index.php\/culture-sport-vie-associative\/\" \/>\n<meta property=\"og:site_name\" content=\"Printemps Giffois\" \/>\n<meta property=\"article:modified_time\" content=\"2021-02-19T11:35:44+00:00\" \/>\n<meta property=\"og:image\" content=\"https:\/\/printemps-giffois.org\/wp-content\/uploads\/2020\/01\/cropped-Gif_sur_Yvette_Avenue_du_General_Leclerc01-scaled-2.jpg\" \/>\n\t<meta property=\"og:image:width\" content=\"1200\" \/>\n\t<meta property=\"og:image:height\" content=\"800\" \/>\n\t<meta property=\"og:image:type\" content=\"image\/jpeg\" \/>\n<meta name=\"twitter:card\" content=\"summary_large_image\" \/>\n<meta name=\"twitter:label1\" content=\"Dur\u00e9e de lecture estim\u00e9e\" \/>\n\t<meta name=\"twitter:data1\" content=\"5 minutes\" \/>\n<script type=\"application\/ld+json\" class=\"yoast-schema-graph\">{\"@context\":\"https:\/\/schema.org\",\"@graph\":[{\"@type\":\"WebPage\",\"@id\":\"https:\/\/printemps-giffois.org\/index.php\/culture-sport-vie-associative\/\",\"url\":\"https:\/\/printemps-giffois.org\/index.php\/culture-sport-vie-associative\/\",\"name\":\"Culture \/ Sport \/ Vie associative - Printemps Giffois\",\"isPartOf\":{\"@id\":\"https:\/\/printemps-giffois.org\/#website\"},\"primaryImageOfPage\":{\"@id\":\"https:\/\/printemps-giffois.org\/index.php\/culture-sport-vie-associative\/#primaryimage\"},\"image\":{\"@id\":\"https:\/\/printemps-giffois.org\/index.php\/culture-sport-vie-associative\/#primaryimage\"},\"thumbnailUrl\":\"https:\/\/printemps-giffois.org\/wp-content\/uploads\/2020\/01\/cropped-Gif_sur_Yvette_Avenue_du_General_Leclerc01-scaled-2.jpg\",\"datePublished\":\"2020-02-06T19:46:10+00:00\",\"dateModified\":\"2021-02-19T11:35:44+00:00\",\"breadcrumb\":{\"@id\":\"https:\/\/printemps-giffois.org\/index.php\/culture-sport-vie-associative\/#breadcrumb\"},\"inLanguage\":\"fr-FR\",\"potentialAction\":[{\"@type\":\"ReadAction\",\"target\":[\"https:\/\/printemps-giffois.org\/index.php\/culture-sport-vie-associative\/\"]}]},{\"@type\":\"ImageObject\",\"inLanguage\":\"fr-FR\",\"@id\":\"https:\/\/printemps-giffois.org\/index.php\/culture-sport-vie-associative\/#primaryimage\",\"url\":\"https:\/\/printemps-giffois.org\/wp-content\/uploads\/2020\/01\/cropped-Gif_sur_Yvette_Avenue_du_General_Leclerc01-scaled-2.jpg\",\"contentUrl\":\"https:\/\/printemps-giffois.org\/wp-content\/uploads\/2020\/01\/cropped-Gif_sur_Yvette_Avenue_du_General_Leclerc01-scaled-2.jpg\",\"width\":1200,\"height\":800},{\"@type\":\"BreadcrumbList\",\"@id\":\"https:\/\/printemps-giffois.org\/index.php\/culture-sport-vie-associative\/#breadcrumb\",\"itemListElement\":[{\"@type\":\"ListItem\",\"position\":1,\"name\":\"Accueil\",\"item\":\"https:\/\/printemps-giffois.org\/\"},{\"@type\":\"ListItem\",\"position\":2,\"name\":\"Culture \/ Sport \/ Vie associative\"}]},{\"@type\":\"WebSite\",\"@id\":\"https:\/\/printemps-giffois.org\/#website\",\"url\":\"https:\/\/printemps-giffois.org\/\",\"name\":\"Printemps Giffois\",\"description\":\"\u00c9cologie, D\u00e9mocratie, Solidarit\u00e9s\",\"publisher\":{\"@id\":\"https:\/\/printemps-giffois.org\/#organization\"},\"potentialAction\":[{\"@type\":\"SearchAction\",\"target\":{\"@type\":\"EntryPoint\",\"urlTemplate\":\"https:\/\/printemps-giffois.org\/?s={search_term_string}\"},\"query-input\":\"required name=search_term_string\"}],\"inLanguage\":\"fr-FR\"},{\"@type\":\"Organization\",\"@id\":\"https:\/\/printemps-giffois.org\/#organization\",\"name\":\"Printemps Giffois\",\"url\":\"https:\/\/printemps-giffois.org\/\",\"logo\":{\"@type\":\"ImageObject\",\"inLanguage\":\"fr-FR\",\"@id\":\"https:\/\/printemps-giffois.org\/#\/schema\/logo\/image\/\",\"url\":\"https:\/\/printemps-giffois.org\/wp-content\/uploads\/2020\/02\/cropped-cropped-logo-2-2.png\",\"contentUrl\":\"https:\/\/printemps-giffois.org\/wp-content\/uploads\/2020\/02\/cropped-cropped-logo-2-2.png\",\"width\":248,\"height\":248,\"caption\":\"Printemps Giffois\"},\"image\":{\"@id\":\"https:\/\/printemps-giffois.org\/#\/schema\/logo\/image\/\"}}]}<\/script>\n<!-- \/ Yoast SEO plugin. -->","yoast_head_json":{"title":"Culture \/ Sport \/ Vie associative - Printemps Giffois","robots":{"index":"index","follow":"follow","max-snippet":"max-snippet:-1","max-image-preview":"max-image-preview:large","max-video-preview":"max-video-preview:-1"},"canonical":"https:\/\/printemps-giffois.org\/index.php\/culture-sport-vie-associative\/","og_locale":"fr_FR","og_type":"article","og_title":"Culture \/ Sport \/ Vie associative - Printemps Giffois","og_description":"CULTURE, SPORT ET VIE ASSOCIATIVE La culture, le sport et la vie associative sont des piliers essentiels du \u00ab\u00a0Vivre ensemble\u00a0\u00bb. C&rsquo;est pourquoi nous nous appuierons&hellip;","og_url":"https:\/\/printemps-giffois.org\/index.php\/culture-sport-vie-associative\/","og_site_name":"Printemps Giffois","article_modified_time":"2021-02-19T11:35:44+00:00","og_image":[{"width":1200,"height":800,"url":"https:\/\/printemps-giffois.org\/wp-content\/uploads\/2020\/01\/cropped-Gif_sur_Yvette_Avenue_du_General_Leclerc01-scaled-2.jpg","type":"image\/jpeg"}],"twitter_card":"summary_large_image","twitter_misc":{"Dur\u00e9e de lecture estim\u00e9e":"5 minutes"},"schema":{"@context":"https:\/\/schema.org","@graph":[{"@type":"WebPage","@id":"https:\/\/printemps-giffois.org\/index.php\/culture-sport-vie-associative\/","url":"https:\/\/printemps-giffois.org\/index.php\/culture-sport-vie-associative\/","name":"Culture \/ Sport \/ Vie associative - Printemps Giffois","isPartOf":{"@id":"https:\/\/printemps-giffois.org\/#website"},"primaryImageOfPage":{"@id":"https:\/\/printemps-giffois.org\/index.php\/culture-sport-vie-associative\/#primaryimage"},"image":{"@id":"https:\/\/printemps-giffois.org\/index.php\/culture-sport-vie-associative\/#primaryimage"},"thumbnailUrl":"https:\/\/printemps-giffois.org\/wp-content\/uploads\/2020\/01\/cropped-Gif_sur_Yvette_Avenue_du_General_Leclerc01-scaled-2.jpg","datePublished":"2020-02-06T19:46:10+00:00","dateModified":"2021-02-19T11:35:44+00:00","breadcrumb":{"@id":"https:\/\/printemps-giffois.org\/index.php\/culture-sport-vie-associative\/#breadcrumb"},"inLanguage":"fr-FR","potentialAction":[{"@type":"ReadAction","target":["https:\/\/printemps-giffois.org\/index.php\/culture-sport-vie-associative\/"]}]},{"@type":"ImageObject","inLanguage":"fr-FR","@id":"https:\/\/printemps-giffois.org\/index.php\/culture-sport-vie-associative\/#primaryimage","url":"https:\/\/printemps-giffois.org\/wp-content\/uploads\/2020\/01\/cropped-Gif_sur_Yvette_Avenue_du_General_Leclerc01-scaled-2.jpg","contentUrl":"https:\/\/printemps-giffois.org\/wp-content\/uploads\/2020\/01\/cropped-Gif_sur_Yvette_Avenue_du_General_Leclerc01-scaled-2.jpg","width":1200,"height":800},{"@type":"BreadcrumbList","@id":"https:\/\/printemps-giffois.org\/index.php\/culture-sport-vie-associative\/#breadcrumb","itemListElement":[{"@type":"ListItem","position":1,"name":"Accueil","item":"https:\/\/printemps-giffois.org\/"},{"@type":"ListItem","position":2,"name":"Culture \/ Sport \/ Vie associative"}]},{"@type":"WebSite","@id":"https:\/\/printemps-giffois.org\/#website","url":"https:\/\/printemps-giffois.org\/","name":"Printemps Giffois","description":"\u00c9cologie, D\u00e9mocratie, Solidarit\u00e9s","publisher":{"@id":"https:\/\/printemps-giffois.org\/#organization"},"potentialAction":[{"@type":"SearchAction","target":{"@type":"EntryPoint","urlTemplate":"https:\/\/printemps-giffois.org\/?s={search_term_string}"},"query-input":"required name=search_term_string"}],"inLanguage":"fr-FR"},{"@type":"Organization","@id":"https:\/\/printemps-giffois.org\/#organization","name":"Printemps Giffois","url":"https:\/\/printemps-giffois.org\/","logo":{"@type":"ImageObject","inLanguage":"fr-FR","@id":"https:\/\/printemps-giffois.org\/#\/schema\/logo\/image\/","url":"https:\/\/printemps-giffois.org\/wp-content\/uploads\/2020\/02\/cropped-cropped-logo-2-2.png","contentUrl":"https:\/\/printemps-giffois.org\/wp-content\/uploads\/2020\/02\/cropped-cropped-logo-2-2.png","width":248,"height":248,"caption":"Printemps Giffois"},"image":{"@id":"https:\/\/printemps-giffois.org\/#\/schema\/logo\/image\/"}}]}},"jetpack_sharing_enabled":true,"_links":{"self":[{"href":"https:\/\/printemps-giffois.org\/index.php\/wp-json\/wp\/v2\/pages\/157","targetHints":{"allow":["GET"]}}],"collection":[{"href":"https:\/\/printemps-giffois.org\/index.php\/wp-json\/wp\/v2\/pages"}],"about":[{"href":"https:\/\/printemps-giffois.org\/index.php\/wp-json\/wp\/v2\/types\/page"}],"author":[{"embeddable":true,"href":"https:\/\/printemps-giffois.org\/index.php\/wp-json\/wp\/v2\/users\/634"}],"replies":[{"embeddable":true,"href":"https:\/\/printemps-giffois.org\/index.php\/wp-json\/wp\/v2\/comments?post=157"}],"version-history":[{"count":5,"href":"https:\/\/printemps-giffois.org\/index.php\/wp-json\/wp\/v2\/pages\/157\/revisions"}],"predecessor-version":[{"id":872,"href":"https:\/\/printemps-giffois.org\/index.php\/wp-json\/wp\/v2\/pages\/157\/revisions\/872"}],"wp:featuredmedia":[{"embeddable":true,"href":"https:\/\/printemps-giffois.org\/index.php\/wp-json\/wp\/v2\/media\/845"}],"wp:attachment":[{"href":"https:\/\/printemps-giffois.org\/index.php\/wp-json\/wp\/v2\/media?parent=157"}],"curies":[{"name":"wp","href":"https:\/\/api.w.org\/{rel}","templated":true}]}}