{"id":153,"date":"2020-02-06T20:45:06","date_gmt":"2020-02-06T19:45:06","guid":{"rendered":"https:\/\/printemps-giffois.org\/?page_id=153"},"modified":"2021-02-19T12:34:39","modified_gmt":"2021-02-19T11:34:39","slug":"solidarites","status":"publish","type":"page","link":"https:\/\/printemps-giffois.org\/index.php\/solidarites\/","title":{"rendered":"Solidarit\u00e9s"},"content":{"rendered":"\n<figure class=\"wp-block-image size-large\"><img loading=\"lazy\" decoding=\"async\" width=\"1024\" height=\"770\" src=\"https:\/\/printemps-giffois.org\/wp-content\/uploads\/2020\/02\/solidarites-1024x770.png\" alt=\"\" class=\"wp-image-522\" srcset=\"https:\/\/printemps-giffois.org\/wp-content\/uploads\/2020\/02\/solidarites-1024x770.png 1024w, https:\/\/printemps-giffois.org\/wp-content\/uploads\/2020\/02\/solidarites-300x225.png 300w, https:\/\/printemps-giffois.org\/wp-content\/uploads\/2020\/02\/solidarites-768x577.png 768w, https:\/\/printemps-giffois.org\/wp-content\/uploads\/2020\/02\/solidarites.png 1292w\" sizes=\"auto, (max-width: 1024px) 100vw, 1024px\" \/><\/figure>\n\n\n\n<h2 class=\"has-text-align-center has-text-color wp-block-heading\" style=\"color:#f5530c\">LA COMMUNE, ESPACE PRIVIL\u00c9GI\u00c9 POUR DES SOLIDARIT\u00c9S V\u00c9CUES<\/h2>\n\n\n\n<p class=\"has-text-align-center\"><em><strong>Territoire d\u2019excellence, Gif se doit d\u2019\u00eatre une ville solidaire et de partage, \u00e0 l\u2019heure o\u00f9 la protection des plus fragiles devient une pr\u00e9occupation quotidienne : solidarit\u00e9 entre jeunes et personnes \u00e2g\u00e9es, entre personnes \u00e9tudiantes, migrantes et r\u00e9sidantes, aides aux handicap\u00e9s de toutes sortes, aide contre les solitudes. Nul ne doit \u00eatre laiss\u00e9 seul sur le bord du chemin de la vie.<\/strong><\/em><\/p>\n\n\n\n<h3 class=\"has-text-color wp-block-heading\" style=\"color:#f5530c\">Aller au-devant des personnes qui souhaitent \u00eatre aid\u00e9es<\/h3>\n\n\n\n<p><em>On sait que les personnes qui ont besoin d\u2019une aide, quelle qu\u2019elle soit, h\u00e9sitent pour beaucoup \u00e0 se rendre \u00e0 la mairie. Il nous faut donc aller au-devant d\u2019elles.<\/em><\/p>\n\n\n\n<p>Nous mettrons en place <strong>un meilleur acc\u00e8s aux aides de toute nature<\/strong> que peut apporter la commune (aides financi\u00e8res d\u2019urgence, logements provisoires, logements jeunes, Pass-loisir, alphab\u00e9tisation, etc. ).<\/p>\n\n\n\n<p>Tout d\u2019abord, une meilleure information sera mise en place par <strong>la publication d\u2019un guide des aides<\/strong>, semblable \u00e0 celui existant pour le handicap et mis \u00e0 jour annuellement. Seront \u00e9galement pr\u00e9vus un affichage de rappel sur les panneaux lumineux et une rubrique r\u00e9guli\u00e8re dans Gif Infos.<\/p>\n\n\n\n<p>Plus encore, <strong>nous cr\u00e9erons un local d\u00e9di\u00e9 au CCAS<\/strong> (Centre communal d\u2019action sociale) en dehors du b\u00e2timent de la mairie. L\u2019emplacement actuel de l\u2019Espace du Val de Gif serait id\u00e9al, mais suppose un agrandissement du b\u00e2timent dont la faisabilit\u00e9 doit \u00eatre \u00e9tudi\u00e9e.<\/p>\n\n\n\n<h3 class=\"has-text-color wp-block-heading\" style=\"color:#f5530c\">R\u00e9duire les in\u00e9galit\u00e9s financi\u00e8res et culturelles<\/h3>\n\n\n\n<p><em>Les diff\u00e9rences de revenus engendrent une in\u00e9galit\u00e9 profonde en mati\u00e8re d\u2019acc\u00e8s \u00e0 tous les services que propose la commune, mais \u00e9galement aux activit\u00e9s culturelles, sportives et autres. Nous combattrons cette in\u00e9galit\u00e9.<\/em><\/p>\n\n\n\n<p><strong>Nous proc\u00e9derons \u00e0 une refonte du syst\u00e8me de quotients familiaux<\/strong> applicable aux diff\u00e9rents services communaux (restauration scolaire, centres de loisirs, lieux culturels\u2026 ) pour le rendre plus \u00e9quitable, en particulier en rendant son effet plus progressif.<\/p>\n\n\n\n<h4 class=\"has-text-color wp-block-heading\" style=\"color:#f5530c\">Nous favoriserons l\u2019acc\u00e8s \u00e0 la culture pour le plus grand nombre en :<\/h4>\n\n\n\n<p><em>Faisant en sorte que les Giffois puissent b\u00e9n\u00e9ficier de l\u2019application des quotients familiaux sur les frais d\u2019inscription au Conservatoire Paris-Saclay<\/em><\/p>\n\n\n\n<ul class=\"wp-block-list\"><li><strong>Revoyant l\u2019application du Pass Giffois <\/strong>de fa\u00e7on \u00e0 permettre aux personnes les moins favoris\u00e9es d\u2019assister \u00e0 tous les spectacles de la salle de la Terrasse<\/li><li><strong>N\u00e9gociant avec le Central Cin\u00e9ma<\/strong> l\u2019extension du tarif r\u00e9duit existant aux porteurs du Pass Giffois<\/li><\/ul>\n\n\n\n<p>De fa\u00e7on plus ambitieuse, nous \u00e9tudierons la faisabilit\u00e9, en particulier financi\u00e8re, de <strong>la mise en place d\u2019un minimum social garanti <\/strong>\u00e0 l\u2019instar de ce qu\u2019a fait la commune de Grande Synthe (Nord).<\/p>\n\n\n\n<h3 class=\"has-text-color wp-block-heading\" style=\"color:#f5530c\">Une attribution plus transparente des logements sociaux et des places en cr\u00e8che<\/h3>\n\n\n\n<p>Nous voulons <strong>rendre plus objectives les proc\u00e9dures d\u2019attribution des logements sociaux et des places en cr\u00e8che<\/strong>. Pour cela, nous mettrons en place un syst\u00e8me transparent de notation suivant des crit\u00e8res clairement affich\u00e9s, comme cela se pratique d\u00e9j\u00e0 dans certaines communes, en particulier Palaiseau .<\/p>\n\n\n\n<h2 class=\"has-text-color wp-block-heading\" style=\"color:#f5530c\">GIF, une ville accueillante pour\u2026<\/h2>\n\n\n\n<h3 class=\"has-text-color wp-block-heading\" style=\"color:#f5530c\">Les personnes porteuses de handicaps<\/h3>\n\n\n\n<p>Pour les personnes \u00e0 mobilit\u00e9 r\u00e9duite, nous r\u00e9aliserons un bilan d\u2019\u00e9tape de l\u2019Agenda d\u2019accessibilit\u00e9 programm\u00e9e, visant \u00e0 mettre \u00e0 niveau les 88 \u00e9tablissements (publics et priv\u00e9s) recevant du public de la commune d\u2019ici 2024 et reverrons sa programmation pour l\u2019acc\u00e9l\u00e9rer. Nous cr\u00e9erons une commission Handicaps charg\u00e9e de suivre en permanence la mise en \u0153uvre de cette programmation . Nous \u00e9quiperons les feux de signalisation des principaux carrefours en ville de dispositifs sonores pour les mal voyants.<\/p>\n\n\n\n<p>Nous cr\u00e9erons un logement d\u2019urgence accessible aux handicap\u00e9s temporaires ou permanents (PMR), aucun de ceux existants n\u2019\u00e9tant adapt\u00e9. Nous organiserons l&rsquo;accompagnement des personnes porteuses de handicap mental dans les lieux publics, et nous envisagerons avec les associations et les services sp\u00e9cialis\u00e9s la mise en place de lieux d&rsquo;accueil et de vie (professionnels comme de loisirs).<\/p>\n\n\n\n<p>Nous am\u00e9nagerons dans les parcs \u00e0 jeux des espaces permettant aux enfants handicap\u00e9s moteurs, c\u00e9r\u00e9braux-moteurs et mentaux d\u2019y trouver leur place.<\/p>\n\n\n\n<h3 class=\"has-text-color wp-block-heading\" style=\"color:#f5530c\">Ceux qui viennent d\u2019ailleurs<\/h3>\n\n\n\n<p>Nous mettrons la commune en capacit\u00e9 d\u2019accueillir dignement un certain nombre de migrants, par la construction ou l\u2019achat de studios d\u00e9di\u00e9s. Les conditions d\u2019accueil et d\u2019accompagnement seront d\u00e9termin\u00e9es en lien avec les associations \u00e0 l\u2019\u0153uvre dans notre r\u00e9gion : Accueil R\u00e9fugi\u00e9s de Bures-sur-Yvette (ARBY) et Accueil R\u00e9fugi\u00e9s de l\u2019Yvette (ARY91 ).<\/p>\n\n\n\n<h3 class=\"has-text-color wp-block-heading\" style=\"color:#f5530c\">Une ville qui favorise un lien solidaire au sein de sa population<\/h3>\n\n\n\n<p>Nous mettrons \u00e0 disposition un local pour la mise en place sur la ville d\u2019une \u00e9picerie participative et solidaire \u00e0 gestion associative, proposant des produits bio et\/ou locaux.<\/p>\n\n\n\n<p>Nous encouragerons les acteurs et actrices de l\u2019\u00c9conomie Sociale et Solidaire dans leurs projets de nouvelles activit\u00e9s favorisant l&rsquo;insertion et le lien social (par exemple : location de voitures \u00e0 bas co\u00fbts, ateliers de r\u00e9paration, pr\u00eat de mat\u00e9riel, ressourceries, mara\u00eechage. . . ).<\/p>\n\n\n\n<p>Pour un num\u00e9rique inclusif<\/p>\n\n\n\n<p>Le num\u00e9rique est devenu indispensable dans notre quotidien : la d\u00e9mat\u00e9rialisation de l\u2019administration (d\u00e9claration d\u2019imp\u00f4ts, prestations sociales 100% en ligne depuis 2016) et des services (informations, mobilit\u00e9s, commerce, r\u00e9seaux sociaux,\u2026) s\u2019acc\u00e9l\u00e8re. Mais une part croissante de la soci\u00e9t\u00e9 (pr\u00e8s de 10 millions d\u2019entre nous), d\u00e9clare souffrir d\u2019illectronisme, une forme d\u2019illettrisme du num\u00e9rique. Les populations sensibles sont les plus expos\u00e9es&nbsp;: 40% des personnes en pr\u00e9carit\u00e9 sociale sont en difficult\u00e9 num\u00e9rique, selon Emma\u00fcs-connect. La fracture num\u00e9rique est \u00e9norme et source d\u2019exclusion sociale.<\/p>\n\n\n\n<p>Par souci de solidarit\u00e9 et d\u2019inclusion, nous voulons faire du num\u00e9rique un outil d\u2019insertion, permettant de gagner en autonomie, d\u2019am\u00e9liorer son employabilit\u00e9, de gagner du temps, etc.<\/p>\n\n\n\n<h3 class=\"has-text-color wp-block-heading\" style=\"color:#f5530c\"><strong>Pour un num\u00e9rique inclusif<\/strong><\/h3>\n\n\n\n<p>\nLe num\u00e9rique est devenu indispensable\ndans notre quotidien : la d\u00e9mat\u00e9rialisation de l\u2019administration\n(d\u00e9claration d\u2019imp\u00f4ts, prestations sociales 100% en ligne depuis\n2016) et des services (informations, mobilit\u00e9s, commerce, r\u00e9seaux\nsociaux,\u2026) s\u2019acc\u00e9l\u00e8re. Mais une part croissante de la soci\u00e9t\u00e9\n(pr\u00e8s de 10 millions d\u2019entre nous), d\u00e9clare souffrir\nd\u2019<strong>illectronisme<\/strong>,\nune forme d\u2019<strong>illettrisme du\nnum\u00e9rique<\/strong>. Les populations\nsensibles sont les plus expos\u00e9es&nbsp;: 40% des personnes en\npr\u00e9carit\u00e9 sociale sont en difficult\u00e9 num\u00e9rique, selon\nEmma\u00fcs-connect. La fracture num\u00e9rique est \u00e9norme et source\nd\u2019exclusion sociale.<\/p>\n\n\n\n<p>Par\nsouci de solidarit\u00e9 et d\u2019inclusion, <strong>nous\nvoulons faire du num\u00e9rique un outil d\u2019insertion<\/strong>,\npermettant de gagner en autonomie, d\u2019am\u00e9liorer son employabilit\u00e9,\nde gagner du temps, etc.<\/p>\n\n\n\n<p>Nous\naccompagnerons l\u2019installation sur notre territoire <strong>d\u2019acteurs\nreconnus d\u2019inclusion sociale par le num\u00e9rique<\/strong>\n(par exemple Emma\u00fcs-connect, Simplon.co\u2026) et au del\u00e0, de\nformation aux m\u00e9tiers du num\u00e9rique y compris pour les personnes peu\nou pas dipl\u00f4m\u00e9es. Notre but est de constituer un vivier de <strong>talents\ndiversifi\u00e9s<\/strong> pour les\nentreprises et organismes du territoire<\/p>\n\n\n\n<p>Nous\n\u00e9tudierons la cr\u00e9ation d\u2019un <strong>Espace\nPublic Num\u00e9rique<\/strong> et fablab\naccueillant les giffoises et giffois.<\/p>\n\n\n\n<p>Nous\nutiliserons le dispositif public <strong>PIX<\/strong>\nd\u2019\u00e9valuation, am\u00e9lioration et certification des comp\u00e9tences\nnum\u00e9riques.<\/p>\n\n\n\n<p>Nous\nfaciliterons <strong>au niveau\nscolaire et p\u00e9riscolaire<\/strong>\ntant <strong>l\u2019\u00e9ducation aux\ncomp\u00e9tences num\u00e9riques<\/strong>\ng\u00e9n\u00e9rales que <strong>l\u2019apprentissage\ndu code<\/strong> (aux programmes\nscolaires depuis 2016).<\/p>\n\n\n\n<figure class=\"wp-block-image\"><img decoding=\"async\" src=\"https:\/\/lh3.googleusercontent.com\/Hv1WdgdVqh8btAwSgND36v1fxzxKBDxPY4H8tskGjqQmTgw7cgtdK-xy5jaKzeJg8tHSGX6lct3Oo7RtYc8Wysfv8a7pfOPkFqH9o8sxixhDXYb--gS-p3uAbO2lt3K1IqCy0ws\" alt=\"\"\/><\/figure>\n\n\n\n<p><\/p>\n","protected":false},"excerpt":{"rendered":"<p>LA COMMUNE, ESPACE PRIVIL\u00c9GI\u00c9 POUR DES SOLIDARIT\u00c9S V\u00c9CUES Territoire d\u2019excellence, Gif se doit d\u2019\u00eatre une ville solidaire et de partage, \u00e0 l\u2019heure o\u00f9 la protection&hellip;<\/p>\n","protected":false},"author":634,"featured_media":845,"parent":0,"menu_order":0,"comment_status":"closed","ping_status":"closed","template":"","meta":{"_EventAllDay":false,"_EventTimezone":"","_EventStartDate":"","_EventEndDate":"","_EventStartDateUTC":"","_EventEndDateUTC":"","_EventShowMap":false,"_EventShowMapLink":false,"_EventURL":"","_EventCost":"","_EventCostDescription":"","_EventCurrencySymbol":"","_EventCurrencyCode":"","_EventCurrencyPosition":"","_EventDateTimeSeparator":"","_EventTimeRangeSeparator":"","_EventOrganizerID":[],"_EventVenueID":[],"_OrganizerEmail":"","_OrganizerPhone":"","_OrganizerWebsite":"","_VenueAddress":"","_VenueCity":"","_VenueCountry":"","_VenueProvince":"","_VenueState":"","_VenueZip":"","_VenuePhone":"","_VenueURL":"","_VenueStateProvince":"","_VenueLat":"","_VenueLng":"","_VenueShowMap":false,"_VenueShowMapLink":false,"footnotes":""},"class_list":["post-153","page","type-page","status-publish","has-post-thumbnail","hentry"],"yoast_head":"<!-- This site is optimized with the Yoast SEO plugin v22.4 - https:\/\/yoast.com\/wordpress\/plugins\/seo\/ -->\n<title>Solidarit\u00e9s - Printemps Giffois<\/title>\n<meta name=\"robots\" content=\"index, follow, max-snippet:-1, max-image-preview:large, max-video-preview:-1\" \/>\n<link rel=\"canonical\" href=\"https:\/\/printemps-giffois.org\/index.php\/solidarites\/\" \/>\n<meta property=\"og:locale\" content=\"fr_FR\" \/>\n<meta property=\"og:type\" content=\"article\" \/>\n<meta property=\"og:title\" content=\"Solidarit\u00e9s - Printemps Giffois\" \/>\n<meta property=\"og:description\" content=\"LA COMMUNE, ESPACE PRIVIL\u00c9GI\u00c9 POUR DES SOLIDARIT\u00c9S V\u00c9CUES Territoire d\u2019excellence, Gif se doit d\u2019\u00eatre une ville solidaire et de partage, \u00e0 l\u2019heure o\u00f9 la protection&hellip;\" \/>\n<meta property=\"og:url\" content=\"https:\/\/printemps-giffois.org\/index.php\/solidarites\/\" \/>\n<meta property=\"og:site_name\" content=\"Printemps Giffois\" \/>\n<meta property=\"article:modified_time\" content=\"2021-02-19T11:34:39+00:00\" \/>\n<meta property=\"og:image\" content=\"https:\/\/printemps-giffois.org\/wp-content\/uploads\/2020\/01\/cropped-Gif_sur_Yvette_Avenue_du_General_Leclerc01-scaled-2.jpg\" \/>\n\t<meta property=\"og:image:width\" content=\"1200\" \/>\n\t<meta property=\"og:image:height\" content=\"800\" \/>\n\t<meta property=\"og:image:type\" content=\"image\/jpeg\" \/>\n<meta name=\"twitter:card\" content=\"summary_large_image\" \/>\n<meta name=\"twitter:label1\" content=\"Dur\u00e9e de lecture estim\u00e9e\" \/>\n\t<meta name=\"twitter:data1\" content=\"6 minutes\" \/>\n<script type=\"application\/ld+json\" class=\"yoast-schema-graph\">{\"@context\":\"https:\/\/schema.org\",\"@graph\":[{\"@type\":\"WebPage\",\"@id\":\"https:\/\/printemps-giffois.org\/index.php\/solidarites\/\",\"url\":\"https:\/\/printemps-giffois.org\/index.php\/solidarites\/\",\"name\":\"Solidarit\u00e9s - Printemps Giffois\",\"isPartOf\":{\"@id\":\"https:\/\/printemps-giffois.org\/#website\"},\"primaryImageOfPage\":{\"@id\":\"https:\/\/printemps-giffois.org\/index.php\/solidarites\/#primaryimage\"},\"image\":{\"@id\":\"https:\/\/printemps-giffois.org\/index.php\/solidarites\/#primaryimage\"},\"thumbnailUrl\":\"https:\/\/printemps-giffois.org\/wp-content\/uploads\/2020\/01\/cropped-Gif_sur_Yvette_Avenue_du_General_Leclerc01-scaled-2.jpg\",\"datePublished\":\"2020-02-06T19:45:06+00:00\",\"dateModified\":\"2021-02-19T11:34:39+00:00\",\"breadcrumb\":{\"@id\":\"https:\/\/printemps-giffois.org\/index.php\/solidarites\/#breadcrumb\"},\"inLanguage\":\"fr-FR\",\"potentialAction\":[{\"@type\":\"ReadAction\",\"target\":[\"https:\/\/printemps-giffois.org\/index.php\/solidarites\/\"]}]},{\"@type\":\"ImageObject\",\"inLanguage\":\"fr-FR\",\"@id\":\"https:\/\/printemps-giffois.org\/index.php\/solidarites\/#primaryimage\",\"url\":\"https:\/\/printemps-giffois.org\/wp-content\/uploads\/2020\/01\/cropped-Gif_sur_Yvette_Avenue_du_General_Leclerc01-scaled-2.jpg\",\"contentUrl\":\"https:\/\/printemps-giffois.org\/wp-content\/uploads\/2020\/01\/cropped-Gif_sur_Yvette_Avenue_du_General_Leclerc01-scaled-2.jpg\",\"width\":1200,\"height\":800},{\"@type\":\"BreadcrumbList\",\"@id\":\"https:\/\/printemps-giffois.org\/index.php\/solidarites\/#breadcrumb\",\"itemListElement\":[{\"@type\":\"ListItem\",\"position\":1,\"name\":\"Accueil\",\"item\":\"https:\/\/printemps-giffois.org\/\"},{\"@type\":\"ListItem\",\"position\":2,\"name\":\"Solidarit\u00e9s\"}]},{\"@type\":\"WebSite\",\"@id\":\"https:\/\/printemps-giffois.org\/#website\",\"url\":\"https:\/\/printemps-giffois.org\/\",\"name\":\"Printemps Giffois\",\"description\":\"\u00c9cologie, D\u00e9mocratie, Solidarit\u00e9s\",\"publisher\":{\"@id\":\"https:\/\/printemps-giffois.org\/#organization\"},\"potentialAction\":[{\"@type\":\"SearchAction\",\"target\":{\"@type\":\"EntryPoint\",\"urlTemplate\":\"https:\/\/printemps-giffois.org\/?s={search_term_string}\"},\"query-input\":\"required name=search_term_string\"}],\"inLanguage\":\"fr-FR\"},{\"@type\":\"Organization\",\"@id\":\"https:\/\/printemps-giffois.org\/#organization\",\"name\":\"Printemps Giffois\",\"url\":\"https:\/\/printemps-giffois.org\/\",\"logo\":{\"@type\":\"ImageObject\",\"inLanguage\":\"fr-FR\",\"@id\":\"https:\/\/printemps-giffois.org\/#\/schema\/logo\/image\/\",\"url\":\"https:\/\/printemps-giffois.org\/wp-content\/uploads\/2020\/02\/cropped-cropped-logo-2-2.png\",\"contentUrl\":\"https:\/\/printemps-giffois.org\/wp-content\/uploads\/2020\/02\/cropped-cropped-logo-2-2.png\",\"width\":248,\"height\":248,\"caption\":\"Printemps Giffois\"},\"image\":{\"@id\":\"https:\/\/printemps-giffois.org\/#\/schema\/logo\/image\/\"}}]}<\/script>\n<!-- \/ Yoast SEO plugin. -->","yoast_head_json":{"title":"Solidarit\u00e9s - Printemps Giffois","robots":{"index":"index","follow":"follow","max-snippet":"max-snippet:-1","max-image-preview":"max-image-preview:large","max-video-preview":"max-video-preview:-1"},"canonical":"https:\/\/printemps-giffois.org\/index.php\/solidarites\/","og_locale":"fr_FR","og_type":"article","og_title":"Solidarit\u00e9s - Printemps Giffois","og_description":"LA COMMUNE, ESPACE PRIVIL\u00c9GI\u00c9 POUR DES SOLIDARIT\u00c9S V\u00c9CUES Territoire d\u2019excellence, Gif se doit d\u2019\u00eatre une ville solidaire et de partage, \u00e0 l\u2019heure o\u00f9 la protection&hellip;","og_url":"https:\/\/printemps-giffois.org\/index.php\/solidarites\/","og_site_name":"Printemps Giffois","article_modified_time":"2021-02-19T11:34:39+00:00","og_image":[{"width":1200,"height":800,"url":"https:\/\/printemps-giffois.org\/wp-content\/uploads\/2020\/01\/cropped-Gif_sur_Yvette_Avenue_du_General_Leclerc01-scaled-2.jpg","type":"image\/jpeg"}],"twitter_card":"summary_large_image","twitter_misc":{"Dur\u00e9e de lecture estim\u00e9e":"6 minutes"},"schema":{"@context":"https:\/\/schema.org","@graph":[{"@type":"WebPage","@id":"https:\/\/printemps-giffois.org\/index.php\/solidarites\/","url":"https:\/\/printemps-giffois.org\/index.php\/solidarites\/","name":"Solidarit\u00e9s - Printemps Giffois","isPartOf":{"@id":"https:\/\/printemps-giffois.org\/#website"},"primaryImageOfPage":{"@id":"https:\/\/printemps-giffois.org\/index.php\/solidarites\/#primaryimage"},"image":{"@id":"https:\/\/printemps-giffois.org\/index.php\/solidarites\/#primaryimage"},"thumbnailUrl":"https:\/\/printemps-giffois.org\/wp-content\/uploads\/2020\/01\/cropped-Gif_sur_Yvette_Avenue_du_General_Leclerc01-scaled-2.jpg","datePublished":"2020-02-06T19:45:06+00:00","dateModified":"2021-02-19T11:34:39+00:00","breadcrumb":{"@id":"https:\/\/printemps-giffois.org\/index.php\/solidarites\/#breadcrumb"},"inLanguage":"fr-FR","potentialAction":[{"@type":"ReadAction","target":["https:\/\/printemps-giffois.org\/index.php\/solidarites\/"]}]},{"@type":"ImageObject","inLanguage":"fr-FR","@id":"https:\/\/printemps-giffois.org\/index.php\/solidarites\/#primaryimage","url":"https:\/\/printemps-giffois.org\/wp-content\/uploads\/2020\/01\/cropped-Gif_sur_Yvette_Avenue_du_General_Leclerc01-scaled-2.jpg","contentUrl":"https:\/\/printemps-giffois.org\/wp-content\/uploads\/2020\/01\/cropped-Gif_sur_Yvette_Avenue_du_General_Leclerc01-scaled-2.jpg","width":1200,"height":800},{"@type":"BreadcrumbList","@id":"https:\/\/printemps-giffois.org\/index.php\/solidarites\/#breadcrumb","itemListElement":[{"@type":"ListItem","position":1,"name":"Accueil","item":"https:\/\/printemps-giffois.org\/"},{"@type":"ListItem","position":2,"name":"Solidarit\u00e9s"}]},{"@type":"WebSite","@id":"https:\/\/printemps-giffois.org\/#website","url":"https:\/\/printemps-giffois.org\/","name":"Printemps Giffois","description":"\u00c9cologie, D\u00e9mocratie, Solidarit\u00e9s","publisher":{"@id":"https:\/\/printemps-giffois.org\/#organization"},"potentialAction":[{"@type":"SearchAction","target":{"@type":"EntryPoint","urlTemplate":"https:\/\/printemps-giffois.org\/?s={search_term_string}"},"query-input":"required name=search_term_string"}],"inLanguage":"fr-FR"},{"@type":"Organization","@id":"https:\/\/printemps-giffois.org\/#organization","name":"Printemps Giffois","url":"https:\/\/printemps-giffois.org\/","logo":{"@type":"ImageObject","inLanguage":"fr-FR","@id":"https:\/\/printemps-giffois.org\/#\/schema\/logo\/image\/","url":"https:\/\/printemps-giffois.org\/wp-content\/uploads\/2020\/02\/cropped-cropped-logo-2-2.png","contentUrl":"https:\/\/printemps-giffois.org\/wp-content\/uploads\/2020\/02\/cropped-cropped-logo-2-2.png","width":248,"height":248,"caption":"Printemps Giffois"},"image":{"@id":"https:\/\/printemps-giffois.org\/#\/schema\/logo\/image\/"}}]}},"jetpack_sharing_enabled":true,"_links":{"self":[{"href":"https:\/\/printemps-giffois.org\/index.php\/wp-json\/wp\/v2\/pages\/153","targetHints":{"allow":["GET"]}}],"collection":[{"href":"https:\/\/printemps-giffois.org\/index.php\/wp-json\/wp\/v2\/pages"}],"about":[{"href":"https:\/\/printemps-giffois.org\/index.php\/wp-json\/wp\/v2\/types\/page"}],"author":[{"embeddable":true,"href":"https:\/\/printemps-giffois.org\/index.php\/wp-json\/wp\/v2\/users\/634"}],"replies":[{"embeddable":true,"href":"https:\/\/printemps-giffois.org\/index.php\/wp-json\/wp\/v2\/comments?post=153"}],"version-history":[{"count":9,"href":"https:\/\/printemps-giffois.org\/index.php\/wp-json\/wp\/v2\/pages\/153\/revisions"}],"predecessor-version":[{"id":871,"href":"https:\/\/printemps-giffois.org\/index.php\/wp-json\/wp\/v2\/pages\/153\/revisions\/871"}],"wp:featuredmedia":[{"embeddable":true,"href":"https:\/\/printemps-giffois.org\/index.php\/wp-json\/wp\/v2\/media\/845"}],"wp:attachment":[{"href":"https:\/\/printemps-giffois.org\/index.php\/wp-json\/wp\/v2\/media?parent=153"}],"curies":[{"name":"wp","href":"https:\/\/api.w.org\/{rel}","templated":true}]}}